{"id":614,"date":"2018-11-01T21:22:35","date_gmt":"2018-11-01T20:22:35","guid":{"rendered":"http:\/\/www.ski-rienza.it\/?page_id=614"},"modified":"2025-12-02T16:58:24","modified_gmt":"2025-12-02T15:58:24","slug":"allenamento-pista-trenker-dobbiaco-val-pusteria","status":"publish","type":"page","link":"https:\/\/www.ski-rienza.it\/it\/allenamento-pista-trenker-dobbiaco-val-pusteria\/","title":{"rendered":"Allenamento"},"content":{"rendered":"<div class=\"wpb-content-wrapper\">[vc_row][vc_column]\n\t\t\t<!-- START trenker REVOLUTION SLIDER 6.7.35 --><p class=\"rs-p-wp-fix\"><\/p>\n\t\t\t<rs-module-wrap id=\"rev_slider_8_1_wrapper\" data-source=\"gallery\" style=\"visibility:hidden;background:#009de0;padding:0;margin:0px auto;margin-top:0;margin-bottom:0;\">\n\t\t\t\t<rs-module id=\"rev_slider_8_1\" style=\"\" data-version=\"6.7.35\">\n\t\t\t\t\t<rs-slides style=\"overflow: hidden; position: absolute;\">\n\t\t\t\t\t\t<rs-slide style=\"position: absolute;\" data-key=\"rs-27\" data-title=\"Slide\" data-thumb=\"\/\/www.ski-rienza.it\/wp-content\/uploads\/ski-rienza-trenker-neu2-100x50.jpg\" data-anim=\"adpr:false;\" data-in=\"o:0;\" data-out=\"a:false;\">\n\t\t\t\t\t\t\t<img decoding=\"async\" src=\"\/\/www.ski-rienza.it\/wp-content\/plugins\/revslider\/sr6\/assets\/assets\/dummy.png\" alt=\"\" title=\"Allenamento\" class=\"rev-slidebg tp-rs-img rs-lazyload\" data-lazyload=\"\/\/www.ski-rienza.it\/wp-content\/uploads\/ski-rienza-trenker-neu2.jpg\" data-panzoom=\"d:10000;ss:100;se:120;\" data-no-retina>\n<!--\n\t\t\t\t\t\t\t--><rs-layer\n\t\t\t\t\t\t\t\tid=\"slider-8-slide-27-layer-1\" \n\t\t\t\t\t\t\t\tdata-type=\"image\"\n\t\t\t\t\t\t\t\tdata-rsp_ch=\"on\"\n\t\t\t\t\t\t\t\tdata-xy=\"x:r,l,l,l;xo:0,1100px,647px,385px;\"\n\t\t\t\t\t\t\t\tdata-text=\"l:22;a:inherit;\"\n\t\t\t\t\t\t\t\tdata-dim=\"w:146px,130px,95px,84px;h:160px,130px,95px,84px;\"\n\t\t\t\t\t\t\t\tdata-frame_999=\"o:0;st:w;sR:2700;\"\n\t\t\t\t\t\t\t\tstyle=\"z-index:5;\"\n\t\t\t\t\t\t\t><img decoding=\"async\" src=\"\/\/www.ski-rienza.it\/wp-content\/plugins\/revslider\/sr6\/assets\/assets\/dummy.png\" alt=\"\" class=\"tp-rs-img rs-lazyload\" width=\"457\" height=\"500\" data-lazyload=\"\/\/www.ski-rienza.it\/wp-content\/uploads\/3-zinnen-racing-arena-logo.png\" data-no-retina> \n\t\t\t\t\t\t\t<\/rs-layer><!--\n-->\t\t\t\t\t<\/rs-slide>\n\t\t\t\t\t\t<rs-slide style=\"position: absolute;\" data-key=\"rs-28\" data-title=\"Slide\" data-thumb=\"\/\/www.ski-rienza.it\/wp-content\/uploads\/ski-rienza-trenker-neu3-100x50.jpg\" data-anim=\"adpr:false;\" data-in=\"o:0;\" data-out=\"a:false;\">\n\t\t\t\t\t\t\t<img decoding=\"async\" src=\"\/\/www.ski-rienza.it\/wp-content\/plugins\/revslider\/sr6\/assets\/assets\/dummy.png\" alt=\"\" title=\"Allenamento\" class=\"rev-slidebg tp-rs-img rs-lazyload\" data-lazyload=\"\/\/www.ski-rienza.it\/wp-content\/uploads\/ski-rienza-trenker-neu3.jpg\" data-panzoom=\"d:10000;ss:100;se:120;\" data-no-retina>\n<!--\n\t\t\t\t\t\t\t--><rs-layer\n\t\t\t\t\t\t\t\tid=\"slider-8-slide-28-layer-1\" \n\t\t\t\t\t\t\t\tdata-type=\"image\"\n\t\t\t\t\t\t\t\tdata-rsp_ch=\"on\"\n\t\t\t\t\t\t\t\tdata-xy=\"x:r,l,l,l;xo:0,1100px,647px,385px;\"\n\t\t\t\t\t\t\t\tdata-text=\"l:22;a:inherit;\"\n\t\t\t\t\t\t\t\tdata-dim=\"w:146px,130px,95px,84px;h:160px,130px,95px,84px;\"\n\t\t\t\t\t\t\t\tdata-frame_999=\"o:0;st:w;sR:2700;\"\n\t\t\t\t\t\t\t\tstyle=\"z-index:5;\"\n\t\t\t\t\t\t\t><img decoding=\"async\" src=\"\/\/www.ski-rienza.it\/wp-content\/plugins\/revslider\/sr6\/assets\/assets\/dummy.png\" alt=\"\" class=\"tp-rs-img rs-lazyload\" width=\"457\" height=\"500\" data-lazyload=\"\/\/www.ski-rienza.it\/wp-content\/uploads\/3-zinnen-racing-arena-logo.png\" data-no-retina> \n\t\t\t\t\t\t\t<\/rs-layer><!--\n-->\t\t\t\t\t<\/rs-slide>\n\t\t\t\t\t\t<rs-slide style=\"position: absolute;\" data-key=\"rs-29\" data-title=\"Slide\" data-thumb=\"\/\/www.ski-rienza.it\/wp-content\/uploads\/skicenter-rienza-trenker-toblach-dobbiaco-pustertal-val-pusteria-training-allenamento2-100x50.jpg\" data-anim=\"adpr:false;\" data-in=\"o:0;\" data-out=\"a:false;\">\n\t\t\t\t\t\t\t<img decoding=\"async\" src=\"\/\/www.ski-rienza.it\/wp-content\/plugins\/revslider\/sr6\/assets\/assets\/dummy.png\" alt=\"\" title=\"Allenamento\" class=\"rev-slidebg tp-rs-img rs-lazyload\" data-lazyload=\"\/\/www.ski-rienza.it\/wp-content\/uploads\/skicenter-rienza-trenker-toblach-dobbiaco-pustertal-val-pusteria-training-allenamento2.jpg\" data-panzoom=\"d:10000;ss:100;se:120;\" data-no-retina>\n<!--\n\t\t\t\t\t\t\t--><rs-layer\n\t\t\t\t\t\t\t\tid=\"slider-8-slide-29-layer-1\" \n\t\t\t\t\t\t\t\tdata-type=\"image\"\n\t\t\t\t\t\t\t\tdata-rsp_ch=\"on\"\n\t\t\t\t\t\t\t\tdata-xy=\"x:r,l,l,l;xo:0,1100px,647px,385px;\"\n\t\t\t\t\t\t\t\tdata-text=\"l:22;a:inherit;\"\n\t\t\t\t\t\t\t\tdata-dim=\"w:146px,130px,95px,84px;h:160px,130px,95px,84px;\"\n\t\t\t\t\t\t\t\tdata-frame_999=\"o:0;st:w;sR:2700;\"\n\t\t\t\t\t\t\t\tstyle=\"z-index:5;\"\n\t\t\t\t\t\t\t><img decoding=\"async\" src=\"\/\/www.ski-rienza.it\/wp-content\/plugins\/revslider\/sr6\/assets\/assets\/dummy.png\" alt=\"\" class=\"tp-rs-img rs-lazyload\" width=\"457\" height=\"500\" data-lazyload=\"\/\/www.ski-rienza.it\/wp-content\/uploads\/3-zinnen-racing-arena-logo.png\" data-no-retina> \n\t\t\t\t\t\t\t<\/rs-layer><!--\n-->\t\t\t\t\t<\/rs-slide>\n\t\t\t\t\t<\/rs-slides>\n\t\t\t\t<\/rs-module>\n\t\t\t\t<script>\n\t\t\t\t\tsetREVStartSize({c: 'rev_slider_8_1',rl:[1240,1024,778,480],el:[700,550,400,350],gw:[1240,1024,778,480],gh:[700,550,400,350],type:'standard',justify:'',layout:'fullwidth',mh:\"0\"});if (window.RS_MODULES!==undefined && window.RS_MODULES.modules!==undefined && window.RS_MODULES.modules[\"revslider81\"]!==undefined) {window.RS_MODULES.modules[\"revslider81\"].once = false;window.revapi8 = undefined;if (window.RS_MODULES.checkMinimal!==undefined) window.RS_MODULES.checkMinimal()}\n\t\t\t\t<\/script>\n\t\t\t<\/rs-module-wrap>\n\t\t\t<!-- END REVOLUTION SLIDER -->\n[\/vc_column][\/vc_row][vc_row][vc_column][mk_padding_divider size=&#8221;120&#8243;][\/vc_column][\/vc_row][vc_row][vc_column][mk_fancy_title color=&#8221;#009ee1&#8243; size=&#8221;40&#8243; force_font_size=&#8221;true&#8221; size_tablet=&#8221;32&#8243; size_phone=&#8221;25&#8243; font_weight=&#8221;500&#8243; txt_transform=&#8221;uppercase&#8221; margin_bottom=&#8221;0&#8243; font_family=&#8221;none&#8221; align=&#8221;center&#8221;]Allenarsi nella 3 Zinnen Racing Arena[\/mk_fancy_title][vc_column_text disable_pattern=&#8221;false&#8221; align=&#8221;center&#8221; margin_bottom=&#8221;20&#8243; css=&#8221;.vc_custom_1708944289658{margin-bottom: 20px !important;}&#8221;]Nelle grandi aree sciistiche di solito lo spazio per la formazione e l\u2019allenamento per i club invernali \u00e8 ridottissimo. Questa lacuna viene colmata dalla &#8220;3 Zinnen Racing Arena\u201d, la quale risulta perfetta per l\u2019allenamento di sci-club, associazioni e gruppi. La pista \u201c3 Zinnen Racing Arena\u201d dal punto di vista agonistico \u00e8 una delle piste pi\u00f9 adatte per allenamenti, sia per sci club che per squadre evolute. La qualit\u00e0 della neve \u00e8 sempre eccellente con un innevamento garantito. Pista adatta per training di slalom o super gigante.<br \/>\n<strong>NEW: Bacino di <\/strong><strong>raccolta aqua e stazione di <\/strong><strong>pompaggio Technoalpin <\/strong><strong>di 10.000 m3. Innevamento <\/strong><strong>garantito e qualit\u00e0 della neve <\/strong><strong>sempre eccellente.<\/strong>[\/vc_column_text][mk_gallery images=&#8221;453,452,466&#8243; image_size=&#8221;large&#8221;][vc_column_text disable_pattern=&#8221;false&#8221; align=&#8221;center&#8221; margin_bottom=&#8221;20&#8243; css=&#8221;.vc_custom_1764691101458{margin-bottom: 20px !important;}&#8221;]La localit\u00e0 offre spogliatoio con servizi igienici e sala ski room direttamente sulla pista, garantendo una comodit\u00e0 ineguagliabile ai propri utenti. Ottima organizzazione e preparazione delle piste di allenamento. Corsia di allenamento dedicata e sicura con possibilit\u00e0 di pi\u00f9 turni di allenamento anche per l&#8217;intera giornata.[\/vc_column_text][vc_video link=&#8221;https:\/\/youtu.be\/4lytqx6CZlQ&#8221;][mk_padding_divider size=&#8221;90&#8243;][\/vc_column][\/vc_row][vc_row][vc_column width=&#8221;1\/2&#8243;][mk_fancy_title tag_name=&#8221;h3&#8243; color=&#8221;#009ee1&#8243; size=&#8221;35&#8243; force_font_size=&#8221;true&#8221; size_tablet=&#8221;32&#8243; size_phone=&#8221;25&#8243; font_weight=&#8221;500&#8243; txt_transform=&#8221;uppercase&#8221; margin_bottom=&#8221;0&#8243; font_family=&#8221;none&#8221; responsive_align=&#8221;left&#8221;]Contatto[\/mk_fancy_title][vc_column_text disable_pattern=&#8221;false&#8221; css=&#8221;.vc_custom_1764691062191{margin-bottom: 0px !important;}&#8221;]\n<p class=\"p1\"><span class=\"s1\"><b>Allenamenti e c<strong>onsiglio tecnico:<\/strong><br \/>\n<\/b>Mattia Gianessi<br \/>\nTel. +39 329 549 0368<\/span><br \/>\n<a href=\"mailto:training@snowsport-st.it\">training@snowsport-st.it<\/a><\/p>\n<p><em>LUN &#8211; VEN<br \/>\nore 9:00 &#8211; 12:00<\/em><br \/>\n<em>ore 14:00 &#8211; 18:00<\/em><br \/>\n<em>Al di fuori dell&#8217;orario di ufficio o in caso di mancata risposta scrivi una mail, ti contatteremo il prima possibile<\/em><\/p>\n<p><strong>Attenzione: Parcheggiare direttamente alla pista non \u00e8 possibile.<\/strong><br \/>\nPrego parcheggiare al Skicenter Rienza &#8211; <a href=\"https:\/\/maps.app.goo.gl\/moygoWPfzh7hfZpk6\" target=\"_blank\" rel=\"noopener\">Google Map<\/a>[\/vc_column_text][mk_padding_divider size=&#8221;80&#8243; visibility=&#8221;visible-sm&#8221;][\/vc_column][vc_column width=&#8221;1\/2&#8243;][mk_fancy_title tag_name=&#8221;h3&#8243; color=&#8221;#be041b&#8221; size=&#8221;35&#8243; force_font_size=&#8221;true&#8221; size_tablet=&#8221;32&#8243; size_phone=&#8221;25&#8243; font_weight=&#8221;500&#8243; txt_transform=&#8221;uppercase&#8221; margin_bottom=&#8221;0&#8243; font_family=&#8221;none&#8221; responsive_align=&#8221;left&#8221;]Prenota la pista:[\/mk_fancy_title][mk_button dimension=&#8221;outline&#8221; corner_style=&#8221;full_rounded&#8221; size=&#8221;medium&#8221; url=&#8221;http:\/\/trenker.ski-rienza.it\/&#8221; target=&#8221;_blank&#8221; margin_top=&#8221;15&#8243; margin_right=&#8221;0&#8243; el_class=&#8221;button-links&#8221; outline_skin=&#8221;custom&#8221; outline_active_text_color=&#8221;#009ee1&#8243; outline_hover_bg_color=&#8221;#000000&#8243; outline_hover_color=&#8221;#ffffff&#8221;]PRENOTA ONLINE[\/mk_button][mk_button dimension=&#8221;outline&#8221; corner_style=&#8221;full_rounded&#8221; size=&#8221;medium&#8221; url=&#8221;https:\/\/www.ski-rienza.it\/wp-content\/uploads\/3zinnen-racing-arena-dobbiaco-pricelist25-26.pdf&#8221; target=&#8221;_blank&#8221; margin_top=&#8221;15&#8243; margin_right=&#8221;0&#8243; el_class=&#8221;button-links&#8221; outline_skin=&#8221;custom&#8221; outline_active_text_color=&#8221;#009ee1&#8243; outline_hover_bg_color=&#8221;#000000&#8243; outline_hover_color=&#8221;#ffffff&#8221;]LISTINO PREZZI PISTA ALLENAMENTO INVERNO 2025-26[\/mk_button][mk_padding_divider][vc_column_text css=&#8221;.vc_custom_1736933087789{margin-bottom: 0px !important;}&#8221;]<em>Le prenotazioni devono essere cancellate almeno 48 ore in anticipo via e-mail, altrimenti verr\u00e0 addebitato un costo di 50,00\u20ac. Dopo la prenotazione, riceverete una conferma della prenotazione via e-mail. Per favore, controllate anche la Vostra cartella spam.<\/em>[\/vc_column_text][\/vc_column][\/vc_row][vc_row][vc_column][mk_padding_divider size=&#8221;100&#8243;][\/vc_column][\/vc_row][vc_row][vc_column width=&#8221;2\/3&#8243;][mk_image src=&#8221;https:\/\/www.ski-rienza.it\/wp-content\/uploads\/rienza-trenker-linien4.jpg&#8221; image_size=&#8221;large&#8221;][mk_padding_divider visibility=&#8221;visible-sm&#8221;][\/vc_column][vc_column width=&#8221;1\/3&#8243;][mk_fancy_title tag_name=&#8221;h3&#8243; color=&#8221;#009ee1&#8243; size=&#8221;35&#8243; force_font_size=&#8221;true&#8221; size_tablet=&#8221;32&#8243; size_phone=&#8221;25&#8243; font_weight=&#8221;500&#8243; txt_transform=&#8221;uppercase&#8221; margin_bottom=&#8221;0&#8243; font_family=&#8221;none&#8221; responsive_align=&#8221;left&#8221;]Highlights[\/mk_fancy_title][mk_custom_list icon_color=&#8221;#be041b&#8221;]\n<ul>\n<li>Tracciato chiuso<\/li>\n<li>Pista impegnativa \u2013 lunghezza 1 km<\/li>\n<li>Pendenza del 40%, ideale per l\u2019allenamento di slalom e slalom gigante<\/li>\n<li>Pista omologata<\/li>\n<\/ul>\n[\/mk_custom_list][\/vc_column][\/vc_row][vc_row][vc_column][mk_padding_divider size=&#8221;120&#8243;][mk_fancy_title tag_name=&#8221;h3&#8243; color=&#8221;#009ee1&#8243; size=&#8221;35&#8243; force_font_size=&#8221;true&#8221; size_tablet=&#8221;32&#8243; size_phone=&#8221;25&#8243; font_weight=&#8221;500&#8243; txt_transform=&#8221;uppercase&#8221; margin_bottom=&#8221;0&#8243; font_family=&#8221;none&#8221;]Prezzi per gruppi da allenamento[\/mk_fancy_title][vc_column_text disable_pattern=&#8221;false&#8221; margin_bottom=&#8221;20&#8243; css=&#8221;.vc_custom_1732525341737{margin-bottom: 20px !important;}&#8221;]<strong>Prezzi squadre Coppa del Mondo:<\/strong><\/p>\n<ul>\n<li>una sessione di allenamento (2,5 ore) incl. 2 skipass gratuiti: 270,00 \u20ac per tutto il gruppo &#8211; per ogni persona in pi\u00f9 30,00 \u20ac<\/li>\n<li>doppia sessione di allenamento (5 ore) incl. 2 skipass gratuiti: 430,00 \u20ac per tutto il gruppo &#8211; per ogni persona in pi\u00f9 30,00 \u20ac<\/li>\n<\/ul>\n<p><strong>Prezzi squadre che non sciano in Coppa del Mondo o che non hanno uno skipass Dolomiti Superski:<\/strong><\/p>\n<ul>\n<li>una sessione (2,5 ore): 30,00 \u20ac per ogni persona<\/li>\n<li>doppia sessione (5 ore): 45,00 \u20ac per ogni persona<\/li>\n<li>Offerta per gruppi: 1 skipass gratuito per ogni 8\u00b0 persona pagante<\/li>\n<\/ul>\n[\/vc_column_text][\/vc_column][\/vc_row][vc_row][vc_column][mk_padding_divider size=&#8221;120&#8243;][mk_fancy_title tag_name=&#8221;h3&#8243; color=&#8221;#009ee1&#8243; size=&#8221;35&#8243; force_font_size=&#8221;true&#8221; size_tablet=&#8221;32&#8243; size_phone=&#8221;25&#8243; font_weight=&#8221;500&#8243; txt_transform=&#8221;uppercase&#8221; margin_bottom=&#8221;0&#8243; font_family=&#8221;none&#8221; align=&#8221;center&#8221;]Le stelle dello sci nella 3 Zinnen Racing Arena[\/mk_fancy_title][vc_column_text disable_pattern=&#8221;false&#8221; align=&#8221;center&#8221; margin_bottom=&#8221;20&#8243; css=&#8221;.vc_custom_1708944370260{margin-bottom: 20px !important;}&#8221;]Atlete famose come Mikaela Shiffrin (USA), Lindsey Vonn (USA), Viktoria Regensburg (D) e tante altre, ma soprattutto le nostre campionesse italiane sono spesso presenti nella 3 Zinnen Racing Arena per i loro allenamenti. La migliore testimonianza! La pista dal punto di vista agonistico \u00e8 una delle piste pi\u00f9 adatte per allenamenti, sia per sci club che per squadre evolute.[\/vc_column_text][mk_gallery images=&#8221;461,465,463,462,451&#8243; style=&#8221;style1&#8243; orderby=&#8221;post__in&#8221;][mk_button dimension=&#8221;outline&#8221; corner_style=&#8221;full_rounded&#8221; size=&#8221;medium&#8221; url=&#8221;\/it\/multimedia&#8221; align=&#8221;center&#8221; margin_top=&#8221;30&#8243; margin_right=&#8221;0&#8243; el_class=&#8221;button-links&#8221; outline_skin=&#8221;custom&#8221; outline_active_text_color=&#8221;#009ee1&#8243; outline_hover_bg_color=&#8221;#000000&#8243; outline_hover_color=&#8221;#ffffff&#8221;]ALTRE FOTO &#8230;[\/mk_button][\/vc_column][\/vc_row][vc_row visibility=&#8221;hidden-sm&#8221;][vc_column][mk_padding_divider size=&#8221;120&#8243;][mk_image src=&#8221;https:\/\/www.ski-rienza.it\/wp-content\/uploads\/rienza-pistenuebersicht-neu.jpg&#8221; image_size=&#8221;large&#8221; lightbox=&#8221;true&#8221; align=&#8221;center&#8221; margin_bottom=&#8221;0&#8243;][\/vc_column][\/vc_row][vc_row][vc_column][mk_padding_divider size=&#8221;120&#8243;][\/vc_column][\/vc_row]\n<\/div>","protected":false},"excerpt":{"rendered":"<p>[vc_row][vc_column][\/vc_column][\/vc_row][vc_row][vc_column][mk_padding_divider size=&#8221;120&#8243;][\/vc_column][\/vc_row][vc_row][vc_column][mk_fancy_title color=&#8221;#009ee1&#8243; size=&#8221;40&#8243; force_font_size=&#8221;true&#8221; size_tablet=&#8221;32&#8243; size_phone=&#8221;25&#8243; font_weight=&#8221;500&#8243; txt_transform=&#8221;uppercase&#8221; margin_bottom=&#8221;0&#8243; font_family=&#8221;none&#8221; align=&#8221;center&#8221;]Allenarsi nella 3 Zinnen Racing Arena[\/mk_fancy_title][vc_column_text disable_pattern=&#8221;false&#8221; align=&#8221;center&#8221; margin_bottom=&#8221;20&#8243; css=&#8221;.vc_custom_1708944289658{margin-bottom: 20px !important;}&#8221;]Nelle grandi aree sciistiche di solito lo spazio per la formazione e l\u2019allenamento per i club invernali \u00e8 ridottissimo. Questa lacuna viene colmata dalla &#8220;3 Zinnen Racing Arena\u201d, la quale risulta perfetta per [&hellip;]<\/p>\n","protected":false},"author":1,"featured_media":0,"parent":0,"menu_order":0,"comment_status":"closed","ping_status":"closed","template":"","meta":{"footnotes":""},"class_list":["post-614","page","type-page","status-publish","hentry"],"yoast_head":"<!-- This site is optimized with the Yoast SEO plugin v25.6 - https:\/\/yoast.com\/wordpress\/plugins\/seo\/ -->\n<title>Allenamento - Centro sciistico Rienza Pista Trenker Allenamento<\/title>\n<meta name=\"description\" content=\"La pista \u201cTrenker\u201d dal punto di vista agonistico \u00e8 una delle piste pi\u00f9 adatte per allenamenti, sia per sci club che per squadre evolute.\" \/>\n<meta name=\"robots\" content=\"index, follow, max-snippet:-1, max-image-preview:large, max-video-preview:-1\" \/>\n<link rel=\"canonical\" href=\"https:\/\/www.ski-rienza.it\/it\/allenamento-pista-trenker-dobbiaco-val-pusteria\/\" \/>\n<meta property=\"og:locale\" content=\"it_IT\" \/>\n<meta property=\"og:type\" content=\"article\" \/>\n<meta property=\"og:title\" content=\"Allenamento - Centro sciistico Rienza Pista Trenker Allenamento\" \/>\n<meta property=\"og:description\" content=\"La pista \u201cTrenker\u201d dal punto di vista agonistico \u00e8 una delle piste pi\u00f9 adatte per allenamenti, sia per sci club che per squadre evolute.\" \/>\n<meta property=\"og:url\" content=\"https:\/\/www.ski-rienza.it\/it\/allenamento-pista-trenker-dobbiaco-val-pusteria\/\" \/>\n<meta property=\"og:site_name\" content=\"Skicenter Rienz\" \/>\n<meta property=\"article:modified_time\" content=\"2025-12-02T15:58:24+00:00\" \/>\n<meta name=\"twitter:card\" content=\"summary_large_image\" \/>\n<meta name=\"twitter:label1\" content=\"Tempo di lettura stimato\" \/>\n\t<meta name=\"twitter:data1\" content=\"4 minuti\" \/>\n<script type=\"application\/ld+json\" class=\"yoast-schema-graph\">{\"@context\":\"https:\/\/schema.org\",\"@graph\":[{\"@type\":\"WebPage\",\"@id\":\"https:\/\/www.ski-rienza.it\/it\/allenamento-pista-trenker-dobbiaco-val-pusteria\/\",\"url\":\"https:\/\/www.ski-rienza.it\/it\/allenamento-pista-trenker-dobbiaco-val-pusteria\/\",\"name\":\"Allenamento - Centro sciistico Rienza Pista Trenker Allenamento\",\"isPartOf\":{\"@id\":\"https:\/\/www.ski-rienza.it\/#website\"},\"datePublished\":\"2018-11-01T20:22:35+00:00\",\"dateModified\":\"2025-12-02T15:58:24+00:00\",\"description\":\"La pista \u201cTrenker\u201d dal punto di vista agonistico \u00e8 una delle piste pi\u00f9 adatte per allenamenti, sia per sci club che per squadre evolute.\",\"breadcrumb\":{\"@id\":\"https:\/\/www.ski-rienza.it\/it\/allenamento-pista-trenker-dobbiaco-val-pusteria\/#breadcrumb\"},\"inLanguage\":\"it-IT\",\"potentialAction\":[{\"@type\":\"ReadAction\",\"target\":[\"https:\/\/www.ski-rienza.it\/it\/allenamento-pista-trenker-dobbiaco-val-pusteria\/\"]}]},{\"@type\":\"BreadcrumbList\",\"@id\":\"https:\/\/www.ski-rienza.it\/it\/allenamento-pista-trenker-dobbiaco-val-pusteria\/#breadcrumb\",\"itemListElement\":[{\"@type\":\"ListItem\",\"position\":1,\"name\":\"Startseite\",\"item\":\"https:\/\/www.ski-rienza.it\/it\/\"},{\"@type\":\"ListItem\",\"position\":2,\"name\":\"Allenamento\"}]},{\"@type\":\"WebSite\",\"@id\":\"https:\/\/www.ski-rienza.it\/#website\",\"url\":\"https:\/\/www.ski-rienza.it\/\",\"name\":\"Skicenter Rienz\",\"description\":\"Skigebiet Toblach - Centro sciistico Dobbiaco\",\"potentialAction\":[{\"@type\":\"SearchAction\",\"target\":{\"@type\":\"EntryPoint\",\"urlTemplate\":\"https:\/\/www.ski-rienza.it\/?s={search_term_string}\"},\"query-input\":{\"@type\":\"PropertyValueSpecification\",\"valueRequired\":true,\"valueName\":\"search_term_string\"}}],\"inLanguage\":\"it-IT\"}]}<\/script>\n<!-- \/ Yoast SEO plugin. -->","yoast_head_json":{"title":"Allenamento - Centro sciistico Rienza Pista Trenker Allenamento","description":"La pista \u201cTrenker\u201d dal punto di vista agonistico \u00e8 una delle piste pi\u00f9 adatte per allenamenti, sia per sci club che per squadre evolute.","robots":{"index":"index","follow":"follow","max-snippet":"max-snippet:-1","max-image-preview":"max-image-preview:large","max-video-preview":"max-video-preview:-1"},"canonical":"https:\/\/www.ski-rienza.it\/it\/allenamento-pista-trenker-dobbiaco-val-pusteria\/","og_locale":"it_IT","og_type":"article","og_title":"Allenamento - Centro sciistico Rienza Pista Trenker Allenamento","og_description":"La pista \u201cTrenker\u201d dal punto di vista agonistico \u00e8 una delle piste pi\u00f9 adatte per allenamenti, sia per sci club che per squadre evolute.","og_url":"https:\/\/www.ski-rienza.it\/it\/allenamento-pista-trenker-dobbiaco-val-pusteria\/","og_site_name":"Skicenter Rienz","article_modified_time":"2025-12-02T15:58:24+00:00","twitter_card":"summary_large_image","twitter_misc":{"Tempo di lettura stimato":"4 minuti"},"schema":{"@context":"https:\/\/schema.org","@graph":[{"@type":"WebPage","@id":"https:\/\/www.ski-rienza.it\/it\/allenamento-pista-trenker-dobbiaco-val-pusteria\/","url":"https:\/\/www.ski-rienza.it\/it\/allenamento-pista-trenker-dobbiaco-val-pusteria\/","name":"Allenamento - Centro sciistico Rienza Pista Trenker Allenamento","isPartOf":{"@id":"https:\/\/www.ski-rienza.it\/#website"},"datePublished":"2018-11-01T20:22:35+00:00","dateModified":"2025-12-02T15:58:24+00:00","description":"La pista \u201cTrenker\u201d dal punto di vista agonistico \u00e8 una delle piste pi\u00f9 adatte per allenamenti, sia per sci club che per squadre evolute.","breadcrumb":{"@id":"https:\/\/www.ski-rienza.it\/it\/allenamento-pista-trenker-dobbiaco-val-pusteria\/#breadcrumb"},"inLanguage":"it-IT","potentialAction":[{"@type":"ReadAction","target":["https:\/\/www.ski-rienza.it\/it\/allenamento-pista-trenker-dobbiaco-val-pusteria\/"]}]},{"@type":"BreadcrumbList","@id":"https:\/\/www.ski-rienza.it\/it\/allenamento-pista-trenker-dobbiaco-val-pusteria\/#breadcrumb","itemListElement":[{"@type":"ListItem","position":1,"name":"Startseite","item":"https:\/\/www.ski-rienza.it\/it\/"},{"@type":"ListItem","position":2,"name":"Allenamento"}]},{"@type":"WebSite","@id":"https:\/\/www.ski-rienza.it\/#website","url":"https:\/\/www.ski-rienza.it\/","name":"Skicenter Rienz","description":"Skigebiet Toblach - Centro sciistico Dobbiaco","potentialAction":[{"@type":"SearchAction","target":{"@type":"EntryPoint","urlTemplate":"https:\/\/www.ski-rienza.it\/?s={search_term_string}"},"query-input":{"@type":"PropertyValueSpecification","valueRequired":true,"valueName":"search_term_string"}}],"inLanguage":"it-IT"}]}},"_links":{"self":[{"href":"https:\/\/www.ski-rienza.it\/it\/wp-json\/wp\/v2\/pages\/614","targetHints":{"allow":["GET"]}}],"collection":[{"href":"https:\/\/www.ski-rienza.it\/it\/wp-json\/wp\/v2\/pages"}],"about":[{"href":"https:\/\/www.ski-rienza.it\/it\/wp-json\/wp\/v2\/types\/page"}],"author":[{"embeddable":true,"href":"https:\/\/www.ski-rienza.it\/it\/wp-json\/wp\/v2\/users\/1"}],"replies":[{"embeddable":true,"href":"https:\/\/www.ski-rienza.it\/it\/wp-json\/wp\/v2\/comments?post=614"}],"version-history":[{"count":5,"href":"https:\/\/www.ski-rienza.it\/it\/wp-json\/wp\/v2\/pages\/614\/revisions"}],"predecessor-version":[{"id":2166,"href":"https:\/\/www.ski-rienza.it\/it\/wp-json\/wp\/v2\/pages\/614\/revisions\/2166"}],"wp:attachment":[{"href":"https:\/\/www.ski-rienza.it\/it\/wp-json\/wp\/v2\/media?parent=614"}],"curies":[{"name":"wp","href":"https:\/\/api.w.org\/{rel}","templated":true}]}}